{"id":208,"date":"2023-01-27T21:47:11","date_gmt":"2023-01-27T21:47:11","guid":{"rendered":"http:\/\/www.sesiestrategica.com\/?page_id=208"},"modified":"2026-04-06T19:06:03","modified_gmt":"2026-04-06T17:06:03","slug":"com-funciona-preu","status":"publish","type":"page","link":"https:\/\/www.sesiestrategica.com\/cat\/com-funciona-preu\/","title":{"rendered":"Como funciona"},"content":{"rendered":"\t\t<div data-elementor-type=\"wp-page\" data-elementor-id=\"208\" class=\"elementor elementor-208\" data-elementor-post-type=\"page\">\n\t\t\t\t\t\t<section class=\"elementor-section elementor-top-section elementor-element elementor-element-4391ff0 elementor-section-height-min-height elementor-section-boxed elementor-section-height-default elementor-section-items-middle\" data-id=\"4391ff0\" data-element_type=\"section\" data-e-type=\"section\" data-settings=\"{&quot;background_background&quot;:&quot;classic&quot;,&quot;background_motion_fx_motion_fx_scrolling&quot;:&quot;yes&quot;,&quot;background_motion_fx_translateY_effect&quot;:&quot;yes&quot;,&quot;background_motion_fx_translateY_direction&quot;:&quot;negative&quot;,&quot;background_motion_fx_translateY_speed&quot;:{&quot;unit&quot;:&quot;px&quot;,&quot;size&quot;:&quot;2&quot;,&quot;sizes&quot;:[]},&quot;background_motion_fx_translateY_affectedRange&quot;:{&quot;unit&quot;:&quot;%&quot;,&quot;size&quot;:&quot;&quot;,&quot;sizes&quot;:{&quot;start&quot;:0,&quot;end&quot;:100}},&quot;background_motion_fx_devices&quot;:[&quot;desktop&quot;,&quot;tablet&quot;,&quot;mobile&quot;]}\">\n\t\t\t\t\t\t<div class=\"elementor-container elementor-column-gap-no\">\n\t\t\t\t\t<div class=\"elementor-column elementor-col-100 elementor-top-column elementor-element elementor-element-61cb4ff\" data-id=\"61cb4ff\" data-element_type=\"column\" data-e-type=\"column\">\n\t\t\t<div class=\"elementor-widget-wrap elementor-element-populated\">\n\t\t\t\t\t\t<div class=\"elementor-element elementor-element-9801c06 elementor-widget elementor-widget-spacer\" data-id=\"9801c06\" data-element_type=\"widget\" data-e-type=\"widget\" data-widget_type=\"spacer.default\">\n\t\t\t\t<div class=\"elementor-widget-container\">\n\t\t\t\t\t\t\t<div class=\"elementor-spacer\">\n\t\t\t<div class=\"elementor-spacer-inner\"><\/div>\n\t\t<\/div>\n\t\t\t\t\t\t<\/div>\n\t\t\t\t<\/div>\n\t\t\t\t\t<\/div>\n\t\t<\/div>\n\t\t\t\t\t<\/div>\n\t\t<\/section>\n\t\t\t\t<section class=\"elementor-section elementor-top-section elementor-element elementor-element-5498bee2 elementor-section-height-min-height elementor-section-items-stretch elementor-section-content-middle elementor-section-boxed elementor-section-height-default\" data-id=\"5498bee2\" data-element_type=\"section\" data-e-type=\"section\" data-settings=\"{&quot;background_background&quot;:&quot;classic&quot;,&quot;motion_fx_motion_fx_scrolling&quot;:&quot;yes&quot;,&quot;motion_fx_translateY_effect&quot;:&quot;yes&quot;,&quot;motion_fx_translateY_speed&quot;:{&quot;unit&quot;:&quot;px&quot;,&quot;size&quot;:&quot;0.5&quot;,&quot;sizes&quot;:[]},&quot;motion_fx_translateY_affectedRange&quot;:{&quot;unit&quot;:&quot;%&quot;,&quot;size&quot;:&quot;&quot;,&quot;sizes&quot;:{&quot;start&quot;:0,&quot;end&quot;:100}},&quot;motion_fx_devices&quot;:[&quot;desktop&quot;,&quot;tablet&quot;,&quot;mobile&quot;]}\">\n\t\t\t\t\t\t<div class=\"elementor-container elementor-column-gap-no\">\n\t\t\t\t\t<div class=\"elementor-column elementor-col-100 elementor-top-column elementor-element elementor-element-43557725\" data-id=\"43557725\" data-element_type=\"column\" data-e-type=\"column\" data-settings=\"{&quot;background_background&quot;:&quot;classic&quot;}\">\n\t\t\t<div class=\"elementor-widget-wrap elementor-element-populated\">\n\t\t\t\t\t\t<div class=\"elementor-element elementor-element-397b40d8 elementor-widget elementor-widget-heading\" data-id=\"397b40d8\" data-element_type=\"widget\" data-e-type=\"widget\" data-widget_type=\"heading.default\">\n\t\t\t\t<div class=\"elementor-widget-container\">\n\t\t\t\t\t<h1 class=\"elementor-heading-title elementor-size-default\">\u00bfC\u00f3mo funciona y qu\u00e9 precio tiene?<\/h1>\t\t\t\t<\/div>\n\t\t\t\t<\/div>\n\t\t\t\t<div class=\"elementor-element elementor-element-4d092744 elementor-widget elementor-widget-heading\" data-id=\"4d092744\" data-element_type=\"widget\" data-e-type=\"widget\" data-widget_type=\"heading.default\">\n\t\t\t\t<div class=\"elementor-widget-container\">\n\t\t\t\t\t<h1 class=\"elementor-heading-title elementor-size-default\">10 sesiones quincenales entre 50 y 75\u20ac<\/h1>\t\t\t\t<\/div>\n\t\t\t\t<\/div>\n\t\t\t\t<div class=\"elementor-element elementor-element-7e7a466 elementor-widget elementor-widget-text-editor\" data-id=\"7e7a466\" data-element_type=\"widget\" data-e-type=\"widget\" data-widget_type=\"text-editor.default\">\n\t\t\t\t<div class=\"elementor-widget-container\">\n\t\t\t\t\t\t\t\t\t<p>Las primeras <b>sesiones<\/b> en Terapia Estrat\u00e9gica Breve son <b>quincenales y se van espaciando<\/b> en el tiempo a medida que se va desbloqueando el problema.<\/p>\n<p>\u2028La mayor\u00eda de las <b>terapias finalizan en torno a la sesi\u00f3n 10<\/b>, cuando las sesiones normalmente tienen una periodicidad mensual o m\u00e1s espaciada.<\/p>\n<p>Cada <b>sesi\u00f3n<\/b> dura aproximadamente <b>una hora<\/b>. <b>Entre sesi\u00f3n y sesi\u00f3n<\/b> se ponen en pr\u00e1ctica <b>tareas para construir herramientas<\/b> terap\u00e9uticas espec\u00edficas.<\/p>\n<p>Las sesiones pueden ser <b>online o presenciales<\/b>, en el centro de Barcelona, y cuestan <b>60 \u20ac si son online<\/b> y <b>75 \u20ac si son presenciales<\/b>.<\/p>\n<p>Si est\u00e1s en <b>paro<\/b>, eres <b>familia monoparental<\/b> o te has <b>jubilado<\/b> y quieres hacer las <b>sesiones online<\/b>, el precio es de <b>50 \u20ac<\/b>.<\/p>\t\t\t\t\t\t\t\t<\/div>\n\t\t\t\t<\/div>\n\t\t\t\t<div class=\"elementor-element elementor-element-44e1b4b elementor-align-center elementor-mobile-align-center elementor-hidden-desktop elementor-hidden-tablet elementor-widget elementor-widget-button\" data-id=\"44e1b4b\" data-element_type=\"widget\" data-e-type=\"widget\" data-widget_type=\"button.default\">\n\t\t\t\t<div class=\"elementor-widget-container\">\n\t\t\t\t\t\t\t\t\t<div class=\"elementor-button-wrapper\">\n\t\t\t\t\t<a class=\"elementor-button elementor-button-link elementor-size-sm\" href=\"https:\/\/www.sesiestrategica.com\/cat\/contacto-cita\/\">\n\t\t\t\t\t\t<span class=\"elementor-button-content-wrapper\">\n\t\t\t\t\t\t\t\t\t<span class=\"elementor-button-text\">\u00bfTienes alguna duda?<\/span>\n\t\t\t\t\t<\/span>\n\t\t\t\t\t<\/a>\n\t\t\t\t<\/div>\n\t\t\t\t\t\t\t\t<\/div>\n\t\t\t\t<\/div>\n\t\t\t\t<div class=\"elementor-element elementor-element-0b14839 elementor-hidden-mobile elementor-widget elementor-widget-button\" data-id=\"0b14839\" data-element_type=\"widget\" data-e-type=\"widget\" data-widget_type=\"button.default\">\n\t\t\t\t<div class=\"elementor-widget-container\">\n\t\t\t\t\t\t\t\t\t<div class=\"elementor-button-wrapper\">\n\t\t\t\t\t<a class=\"elementor-button elementor-button-link elementor-size-sm\" href=\"https:\/\/www.sesiestrategica.com\/cat\/contacto-cita\/\">\n\t\t\t\t\t\t<span class=\"elementor-button-content-wrapper\">\n\t\t\t\t\t\t\t\t\t<span class=\"elementor-button-text\">\u00bfTienes alguna duda?<\/span>\n\t\t\t\t\t<\/span>\n\t\t\t\t\t<\/a>\n\t\t\t\t<\/div>\n\t\t\t\t\t\t\t\t<\/div>\n\t\t\t\t<\/div>\n\t\t\t\t\t<\/div>\n\t\t<\/div>\n\t\t\t\t\t<\/div>\n\t\t<\/section>\n\t\t\t\t<\/div>\n\t\t","protected":false},"excerpt":{"rendered":"<p>\u00bfC\u00f3mo funciona y qu\u00e9 precio tiene? 10 sesiones quincenales entre 50 y 75\u20ac Las primeras sesiones en Terapia Estrat\u00e9gica Breve son quincenales y se van espaciando en el tiempo a medida que se va desbloqueando el problema. La mayor\u00eda de las terapias finalizan en torno a la sesi\u00f3n 10, cuando las sesiones normalmente tienen una [&hellip;]<\/p>\n","protected":false},"author":1,"featured_media":0,"parent":0,"menu_order":0,"comment_status":"closed","ping_status":"closed","template":"elementor_header_footer","meta":{"footnotes":""},"class_list":["post-208","page","type-page","status-publish","hentry"],"yoast_head":"<!-- This site is optimized with the Yoast SEO plugin v27.4 - https:\/\/yoast.com\/product\/yoast-seo-wordpress\/ -->\n<title>Como funciona - sesiestrategica.com<\/title>\n<meta name=\"description\" content=\"Processos d&#039;unes 10 sessions, de periodicitat quinzenal i una hora de durada, online o presencials, que oscil\u00b7len entre els 50 \u20ac i 75 \u20ac per sessi\u00f3.\" \/>\n<meta name=\"robots\" content=\"index, follow, max-snippet:-1, max-image-preview:large, max-video-preview:-1\" \/>\n<link rel=\"canonical\" href=\"https:\/\/www.sesiestrategica.com\/cat\/com-funciona-preu\/\" \/>\n<meta property=\"og:locale\" content=\"ca_ES\" \/>\n<meta property=\"og:type\" content=\"article\" \/>\n<meta property=\"og:title\" content=\"Como funciona - sesiestrategica.com\" \/>\n<meta property=\"og:description\" content=\"Processos d&#039;unes 10 sessions, de periodicitat quinzenal i una hora de durada, online o presencials, que oscil\u00b7len entre els 50 \u20ac i 75 \u20ac per sessi\u00f3.\" \/>\n<meta property=\"og:url\" content=\"https:\/\/www.sesiestrategica.com\/cat\/com-funciona-preu\/\" \/>\n<meta property=\"og:site_name\" content=\"sesiestrategica.com\" \/>\n<meta property=\"article:modified_time\" content=\"2026-04-06T17:06:03+00:00\" \/>\n<meta name=\"twitter:card\" content=\"summary_large_image\" \/>\n<meta name=\"twitter:label1\" content=\"Temps estimat de lectura\" \/>\n\t<meta name=\"twitter:data1\" content=\"1 minut\" \/>\n<script type=\"application\/ld+json\" class=\"yoast-schema-graph\">{\"@context\":\"https:\\\/\\\/schema.org\",\"@graph\":[{\"@type\":\"WebPage\",\"@id\":\"https:\\\/\\\/www.sesiestrategica.com\\\/com-funciona-preu\\\/\",\"url\":\"https:\\\/\\\/www.sesiestrategica.com\\\/com-funciona-preu\\\/\",\"name\":\"Como funciona - sesiestrategica.com\",\"isPartOf\":{\"@id\":\"https:\\\/\\\/www.sesiestrategica.com\\\/#website\"},\"datePublished\":\"2023-01-27T21:47:11+00:00\",\"dateModified\":\"2026-04-06T17:06:03+00:00\",\"description\":\"Processos d'unes 10 sessions, de periodicitat quinzenal i una hora de durada, online o presencials, que oscil\u00b7len entre els 50 \u20ac i 75 \u20ac per sessi\u00f3.\",\"breadcrumb\":{\"@id\":\"https:\\\/\\\/www.sesiestrategica.com\\\/com-funciona-preu\\\/#breadcrumb\"},\"inLanguage\":\"ca\",\"potentialAction\":[{\"@type\":\"ReadAction\",\"target\":[\"https:\\\/\\\/www.sesiestrategica.com\\\/com-funciona-preu\\\/\"]}]},{\"@type\":\"BreadcrumbList\",\"@id\":\"https:\\\/\\\/www.sesiestrategica.com\\\/com-funciona-preu\\\/#breadcrumb\",\"itemListElement\":[{\"@type\":\"ListItem\",\"position\":1,\"name\":\"Home\",\"item\":\"https:\\\/\\\/www.sesiestrategica.com\\\/\"},{\"@type\":\"ListItem\",\"position\":2,\"name\":\"Como funciona\"}]},{\"@type\":\"WebSite\",\"@id\":\"https:\\\/\\\/www.sesiestrategica.com\\\/#website\",\"url\":\"https:\\\/\\\/www.sesiestrategica.com\\\/\",\"name\":\"sesiestrategica.com\",\"description\":\"Terapia Estrat\u00e9gica Breve\",\"publisher\":{\"@id\":\"https:\\\/\\\/www.sesiestrategica.com\\\/#organization\"},\"potentialAction\":[{\"@type\":\"SearchAction\",\"target\":{\"@type\":\"EntryPoint\",\"urlTemplate\":\"https:\\\/\\\/www.sesiestrategica.com\\\/?s={search_term_string}\"},\"query-input\":{\"@type\":\"PropertyValueSpecification\",\"valueRequired\":true,\"valueName\":\"search_term_string\"}}],\"inLanguage\":\"ca\"},{\"@type\":\"Organization\",\"@id\":\"https:\\\/\\\/www.sesiestrategica.com\\\/#organization\",\"name\":\"sesiestrategica.com\",\"url\":\"https:\\\/\\\/www.sesiestrategica.com\\\/\",\"logo\":{\"@type\":\"ImageObject\",\"inLanguage\":\"ca\",\"@id\":\"https:\\\/\\\/www.sesiestrategica.com\\\/#\\\/schema\\\/logo\\\/image\\\/\",\"url\":\"https:\\\/\\\/www.sesiestrategica.com\\\/wp-content\\\/uploads\\\/2023\\\/01\\\/logo-largo-barlow-condensed.png\",\"contentUrl\":\"https:\\\/\\\/www.sesiestrategica.com\\\/wp-content\\\/uploads\\\/2023\\\/01\\\/logo-largo-barlow-condensed.png\",\"width\":400,\"height\":120,\"caption\":\"sesiestrategica.com\"},\"image\":{\"@id\":\"https:\\\/\\\/www.sesiestrategica.com\\\/#\\\/schema\\\/logo\\\/image\\\/\"}}]}<\/script>\n<!-- \/ Yoast SEO plugin. -->","yoast_head_json":{"title":"Como funciona - sesiestrategica.com","description":"Processos d'unes 10 sessions, de periodicitat quinzenal i una hora de durada, online o presencials, que oscil\u00b7len entre els 50 \u20ac i 75 \u20ac per sessi\u00f3.","robots":{"index":"index","follow":"follow","max-snippet":"max-snippet:-1","max-image-preview":"max-image-preview:large","max-video-preview":"max-video-preview:-1"},"canonical":"https:\/\/www.sesiestrategica.com\/cat\/com-funciona-preu\/","og_locale":"ca_ES","og_type":"article","og_title":"Como funciona - sesiestrategica.com","og_description":"Processos d'unes 10 sessions, de periodicitat quinzenal i una hora de durada, online o presencials, que oscil\u00b7len entre els 50 \u20ac i 75 \u20ac per sessi\u00f3.","og_url":"https:\/\/www.sesiestrategica.com\/cat\/com-funciona-preu\/","og_site_name":"sesiestrategica.com","article_modified_time":"2026-04-06T17:06:03+00:00","twitter_card":"summary_large_image","twitter_misc":{"Temps estimat de lectura":"1 minut"},"schema":{"@context":"https:\/\/schema.org","@graph":[{"@type":"WebPage","@id":"https:\/\/www.sesiestrategica.com\/com-funciona-preu\/","url":"https:\/\/www.sesiestrategica.com\/com-funciona-preu\/","name":"Como funciona - sesiestrategica.com","isPartOf":{"@id":"https:\/\/www.sesiestrategica.com\/#website"},"datePublished":"2023-01-27T21:47:11+00:00","dateModified":"2026-04-06T17:06:03+00:00","description":"Processos d'unes 10 sessions, de periodicitat quinzenal i una hora de durada, online o presencials, que oscil\u00b7len entre els 50 \u20ac i 75 \u20ac per sessi\u00f3.","breadcrumb":{"@id":"https:\/\/www.sesiestrategica.com\/com-funciona-preu\/#breadcrumb"},"inLanguage":"ca","potentialAction":[{"@type":"ReadAction","target":["https:\/\/www.sesiestrategica.com\/com-funciona-preu\/"]}]},{"@type":"BreadcrumbList","@id":"https:\/\/www.sesiestrategica.com\/com-funciona-preu\/#breadcrumb","itemListElement":[{"@type":"ListItem","position":1,"name":"Home","item":"https:\/\/www.sesiestrategica.com\/"},{"@type":"ListItem","position":2,"name":"Como funciona"}]},{"@type":"WebSite","@id":"https:\/\/www.sesiestrategica.com\/#website","url":"https:\/\/www.sesiestrategica.com\/","name":"sesiestrategica.com","description":"Ter\u00e0pia Estrat\u00e8gica Breu","publisher":{"@id":"https:\/\/www.sesiestrategica.com\/#organization"},"potentialAction":[{"@type":"SearchAction","target":{"@type":"EntryPoint","urlTemplate":"https:\/\/www.sesiestrategica.com\/?s={search_term_string}"},"query-input":{"@type":"PropertyValueSpecification","valueRequired":true,"valueName":"search_term_string"}}],"inLanguage":"ca"},{"@type":"Organization","@id":"https:\/\/www.sesiestrategica.com\/#organization","name":"sesiestrategica.com","url":"https:\/\/www.sesiestrategica.com\/","logo":{"@type":"ImageObject","inLanguage":"ca","@id":"https:\/\/www.sesiestrategica.com\/#\/schema\/logo\/image\/","url":"https:\/\/www.sesiestrategica.com\/wp-content\/uploads\/2023\/01\/logo-largo-barlow-condensed.png","contentUrl":"https:\/\/www.sesiestrategica.com\/wp-content\/uploads\/2023\/01\/logo-largo-barlow-condensed.png","width":400,"height":120,"caption":"sesiestrategica.com"},"image":{"@id":"https:\/\/www.sesiestrategica.com\/#\/schema\/logo\/image\/"}}]}},"_links":{"self":[{"href":"https:\/\/www.sesiestrategica.com\/cat\/wp-json\/wp\/v2\/pages\/208","targetHints":{"allow":["GET"]}}],"collection":[{"href":"https:\/\/www.sesiestrategica.com\/cat\/wp-json\/wp\/v2\/pages"}],"about":[{"href":"https:\/\/www.sesiestrategica.com\/cat\/wp-json\/wp\/v2\/types\/page"}],"author":[{"embeddable":true,"href":"https:\/\/www.sesiestrategica.com\/cat\/wp-json\/wp\/v2\/users\/1"}],"replies":[{"embeddable":true,"href":"https:\/\/www.sesiestrategica.com\/cat\/wp-json\/wp\/v2\/comments?post=208"}],"version-history":[{"count":126,"href":"https:\/\/www.sesiestrategica.com\/cat\/wp-json\/wp\/v2\/pages\/208\/revisions"}],"predecessor-version":[{"id":2944,"href":"https:\/\/www.sesiestrategica.com\/cat\/wp-json\/wp\/v2\/pages\/208\/revisions\/2944"}],"wp:attachment":[{"href":"https:\/\/www.sesiestrategica.com\/cat\/wp-json\/wp\/v2\/media?parent=208"}],"curies":[{"name":"wp","href":"https:\/\/api.w.org\/{rel}","templated":true}]}}